{"id":326,"date":"2012-07-26T23:16:38","date_gmt":"2012-07-26T23:16:38","guid":{"rendered":"http:\/\/www.fronteravertical.cl\/?page_id=326"},"modified":"2012-08-23T05:02:28","modified_gmt":"2012-08-23T05:02:28","slug":"manuales-de-montana","status":"publish","type":"page","link":"https:\/\/www.fronteravertical.cl\/?page_id=326","title":{"rendered":"Manuales de Monta\u00f1a"},"content":{"rendered":"<h3><a title=\"Iniciaci\u00f3n Andinismo\" href=\"http:\/\/www.fronteravertical.cl\/wp-content\/uploads\/2012\/07\/Iniciaci\u00f3n-al-Andinismo.pdf\" target=\"_blank\">1.- Iniciaci\u00f3n al Andinismo<\/a><\/h3>\n<p>Manual altamente completo para conocer conceptos, materiales y t\u00e9cnicas utilizadas en el deporte de Monta\u00f1a.<\/p>\n<p>&nbsp;<\/p>\n<p>&nbsp;<\/p>\n","protected":false},"excerpt":{"rendered":"<p>1.- Iniciaci\u00f3n al Andinismo Manual altamente completo para conocer conceptos, materiales y t\u00e9cnicas utilizadas en el deporte de Monta\u00f1a. &nbsp; &nbsp;<\/p>\n","protected":false},"author":2,"featured_media":0,"parent":163,"menu_order":1,"comment_status":"closed","ping_status":"open","template":"","meta":{"spay_email":"","footnotes":""},"jetpack_sharing_enabled":true,"jetpack_shortlink":"https:\/\/wp.me\/P2IOTC-5g","_links":{"self":[{"href":"https:\/\/www.fronteravertical.cl\/index.php?rest_route=\/wp\/v2\/pages\/326"}],"collection":[{"href":"https:\/\/www.fronteravertical.cl\/index.php?rest_route=\/wp\/v2\/pages"}],"about":[{"href":"https:\/\/www.fronteravertical.cl\/index.php?rest_route=\/wp\/v2\/types\/page"}],"author":[{"embeddable":true,"href":"https:\/\/www.fronteravertical.cl\/index.php?rest_route=\/wp\/v2\/users\/2"}],"replies":[{"embeddable":true,"href":"https:\/\/www.fronteravertical.cl\/index.php?rest_route=%2Fwp%2Fv2%2Fcomments&post=326"}],"version-history":[{"count":5,"href":"https:\/\/www.fronteravertical.cl\/index.php?rest_route=\/wp\/v2\/pages\/326\/revisions"}],"predecessor-version":[{"id":329,"href":"https:\/\/www.fronteravertical.cl\/index.php?rest_route=\/wp\/v2\/pages\/326\/revisions\/329"}],"up":[{"embeddable":true,"href":"https:\/\/www.fronteravertical.cl\/index.php?rest_route=\/wp\/v2\/pages\/163"}],"wp:attachment":[{"href":"https:\/\/www.fronteravertical.cl\/index.php?rest_route=%2Fwp%2Fv2%2Fmedia&parent=326"}],"curies":[{"name":"wp","href":"https:\/\/api.w.org\/{rel}","templated":true}]}}