{"id":377,"date":"2012-08-16T16:20:10","date_gmt":"2012-08-16T16:20:10","guid":{"rendered":"http:\/\/www.fronteravertical.cl\/?page_id=377"},"modified":"2012-09-17T02:48:00","modified_gmt":"2012-09-17T02:48:00","slug":"nuestros-principios","status":"publish","type":"page","link":"https:\/\/www.fronteravertical.cl\/?page_id=377","title":{"rendered":"Nuestros Valores"},"content":{"rendered":"<h6><a href=\"http:\/\/www.theuiaa.org\/\" target=\"_blank\"><img decoding=\"async\" loading=\"lazy\" class=\"wp-image-416 alignleft\" title=\"International Mountaineering and Climbing Federation\" src=\"http:\/\/www.fronteravertical.cl\/wp-content\/uploads\/2012\/08\/uiaa-horiz-cmjn1-300x142.gif\" alt=\"\" width=\"121\" height=\"58\" \/><\/a><\/h6>\n<p><strong>El Club de Monta\u00f1a Frontera Vertical ha adherido a los principios y valores contenidos en el\u00a0C\u00f3digo de Monta\u00f1a de la UIAA.<\/strong><\/p>\n<p>&nbsp;<\/p>\n<p>&nbsp;<\/p>\n<blockquote>\n<p style=\"text-align: justify;\"><strong>1.- Dignidad humana<br \/>\n<\/strong>De acuerdo con el art\u00edculo 1 de la Declaraci\u00f3n de Derechos Humanos, el C\u00f3digo est\u00e1 basado en la\u00a0premisa de que los seres humanos nacen libres e iguales en dignidad y derechos y deben actuar\u00a0entre s\u00ed en el esp\u00edritu de hermandad.<\/p>\n<\/blockquote>\n<blockquote>\n<p style=\"text-align: justify;\"><strong>2.- Vida, libertad, felicidad<\/strong><br \/>\nNo hay que recalcar que los escaladores y monta\u00f1istas se suscriben a los inalienables derechos humanos establecidos por Thomas Jefferson \u2014principalmente vida, libertad y la persecuci\u00f3n de la felicidad\u2014. Sentimos una especial responsabilidad hacia las poblaciones ind\u00edgenas en las \u00e1reas monta\u00f1osas, cuyo derecho a ser dignificados y poseer una vida aut\u00f3noma debe protegerse por todos los medios posibles.<\/p>\n<\/blockquote>\n<blockquote>\n<p style=\"text-align: justify;\"><strong>3.- Preservaci\u00f3n de la naturaleza<\/strong><br \/>\nGracias a su contacto intensivo con la naturaleza, los escaladores y alpinistas desarrollan una conciencia por la belleza de un medio saludable y la necesidad de preservar su flora y fauna. \u00abNo dejar huella\u00bb ha sido siempre una llave fundamental en nuestra filosof\u00eda ambiental. Con la amenaza creciente a los ecosistemas fr\u00e1giles en regiones monta\u00f1osas en todo el mundo, uno de los m\u00e1s importantes compromisos de la comunidad de escaladores ha llegado a ser la protecci\u00f3n de especies de flora y fauna amenazadas, tanto en monta\u00f1as como en \u00e1reas de escalada.<\/p>\n<\/blockquote>\n<blockquote>\n<p style=\"text-align: justify;\"><strong>4.- Solidaridad<\/strong><br \/>\nHay pocas situaciones en las que la gente sea tan dependiente de los dem\u00e1s como lo son los escaladores en una ruta dif\u00edcil. Las experiencias agradables y el \u00e9xito se producen m\u00e1s f\u00e1cilmente en un grupo donde el apoyo mutuo sea la regla. La experiencia mutua de una aventura intensa en la monta\u00f1a disminuye las diferencias debidas a la clase social, edad, raza, religi\u00f3n o nacionalidad. As\u00ed, la escalada ha llegado a significar un medio para promover el entendimiento entre individuos tanto como entre naciones.<\/p>\n<\/blockquote>\n<blockquote>\n<p style=\"text-align: justify;\"><strong>5.- Verdad<\/strong><br \/>\nComo el funcionamiento en la escalada se desarrolla frecuentemente sin testigos y con frecuencia no puede ser indisputablemente documentado, los expertos y el p\u00fablico dependen de la veracidad de los monta\u00f1istas que reportan sus eventos. Si la arbitrariedad reemplaza a la verdad, llega a ser imposible evaluar el desarrollo en la escalada, privando as\u00ed a nuestro deporte de uno de sus m\u00e1s importantes motivos.<\/p>\n<\/blockquote>\n<blockquote>\n<p style=\"text-align: justify;\"><strong>6.- Superaci\u00f3n personal<\/strong><br \/>\nEs nuestra convicci\u00f3n que todos los humanos \u2014despu\u00e9s de que se han alcanzado sus exigencias f\u00edsicas inmediatas y sus necesidades de seguridad, amor y reconocimiento\u2014 se esfuerzan por la superaci\u00f3n personal. Para millones de personas en el mundo, la escalada y el monta\u00f1ismo ha llegado a ser un factor significante en la b\u00fasqueda de una vida significativa. Es a trav\u00e9s de la escalada que experimentan el apoyo de un medio social amigable, el reconocimiento y los placeres regocijantes de sus \u00e9xitos atl\u00e9ticos.<\/p>\n<\/blockquote>\n<blockquote>\n<p style=\"text-align: justify;\"><strong>7.- Excelencia<\/strong><br \/>\nA todos los monta\u00f1istas y escaladores en roca les gusta emprender problemas que los retan f\u00edsica y mentalmente, esforz\u00e1ndose tanto por la elegancia como por la realizaci\u00f3n controlada de la meta. Muchos monta\u00f1istas activos se esfuerzan por perfeccionar sus habilidades. Sin un progreso continuo del desempe\u00f1o, la escalada perder\u00eda mucho de su dinamismo y fascinaci\u00f3n.<\/p>\n<\/blockquote>\n<blockquote>\n<p style=\"text-align: justify;\"><strong>8.- Aventura<\/strong><br \/>\nExperimentamos nuestro propio funcionamiento m\u00e1s intensamente cuando \u2014movi\u00e9ndonos cercanos a nuestros l\u00edmites\u2014 interactuamos tan directamente como sea posible con los obst\u00e1culos naturales planteados por las monta\u00f1as o paredes, con un m\u00ednimo de interferencia tecnol\u00f3gica. El intenso sentimiento de satisfacci\u00f3n que la escalada puede proporcionar es un producto del emocionante balance entre el peligro y la seguridad alcanzado a trav\u00e9s de la mezcla de valor, juicio racional, control emocional y destreza.<\/p>\n<\/blockquote>\n<blockquote>\n<p style=\"text-align: justify;\"><strong>9.- La calidad de los valores<\/strong><br \/>\nAunque los valores individualistas juegan un rol esencial al definir la escalada, necesitamos darnos cuenta que en cualquier argumento moral, \u00e9stos est\u00e1n por debajo de los principios humanos y los ideales orientados al ambientalismo. Si la superaci\u00f3n personal, la realizaci\u00f3n y la aventura se colocan por sobre los derechos a la vida del hombre y su medio natural, no se est\u00e1 siendo compatible con los valores human\u00edsticos del monta\u00f1ismo y la escalada en roca. Es responsabilidad de cada escalador valorar y balancear los valores de su deporte de tal manera que la escalada pueda mantener su integridad y pueda mantenerse firme contra las tendencias actuales marcadas por el ego\u00edsmo y la avaricia.<\/p>\n<\/blockquote>\n<p>&nbsp;<\/p>\n<p><strong>* Descarga el C\u00f3digo de Montala UIAA completo<\/strong>\u00a0<strong><a href=\"http:\/\/www.fronteravertical.cl\/wp-content\/uploads\/2012\/09\/C\u00f3digo-de-Monta\u00f1a-UIAA.pdf\" target=\"_blank\">Aqu\u00ed<\/a><\/strong><\/p>\n<p>&nbsp;<\/p>\n<p>&nbsp;<\/p>\n","protected":false},"excerpt":{"rendered":"<p>El Club de Monta\u00f1a Frontera Vertical ha adherido a los principios y valores contenidos en el\u00a0C\u00f3digo de Monta\u00f1a de la UIAA. &nbsp; &nbsp; 1.- Dignidad humana De acuerdo con el art\u00edculo 1 de la Declaraci\u00f3n de Derechos Humanos, el C\u00f3digo est\u00e1 basado en la\u00a0premisa de que los seres humanos nacen libres e iguales en dignidad &hellip; <\/p>\n<p><a class=\"more-link btn\" href=\"https:\/\/www.fronteravertical.cl\/?page_id=377\">Continue reading<\/a><\/p>\n","protected":false},"author":2,"featured_media":0,"parent":2,"menu_order":2,"comment_status":"closed","ping_status":"closed","template":"","meta":{"spay_email":"","footnotes":""},"jetpack_sharing_enabled":true,"jetpack_shortlink":"https:\/\/wp.me\/P2IOTC-65","_links":{"self":[{"href":"https:\/\/www.fronteravertical.cl\/index.php?rest_route=\/wp\/v2\/pages\/377"}],"collection":[{"href":"https:\/\/www.fronteravertical.cl\/index.php?rest_route=\/wp\/v2\/pages"}],"about":[{"href":"https:\/\/www.fronteravertical.cl\/index.php?rest_route=\/wp\/v2\/types\/page"}],"author":[{"embeddable":true,"href":"https:\/\/www.fronteravertical.cl\/index.php?rest_route=\/wp\/v2\/users\/2"}],"replies":[{"embeddable":true,"href":"https:\/\/www.fronteravertical.cl\/index.php?rest_route=%2Fwp%2Fv2%2Fcomments&post=377"}],"version-history":[{"count":74,"href":"https:\/\/www.fronteravertical.cl\/index.php?rest_route=\/wp\/v2\/pages\/377\/revisions"}],"predecessor-version":[{"id":652,"href":"https:\/\/www.fronteravertical.cl\/index.php?rest_route=\/wp\/v2\/pages\/377\/revisions\/652"}],"up":[{"embeddable":true,"href":"https:\/\/www.fronteravertical.cl\/index.php?rest_route=\/wp\/v2\/pages\/2"}],"wp:attachment":[{"href":"https:\/\/www.fronteravertical.cl\/index.php?rest_route=%2Fwp%2Fv2%2Fmedia&parent=377"}],"curies":[{"name":"wp","href":"https:\/\/api.w.org\/{rel}","templated":true}]}}