{"id":876,"date":"2023-11-30T13:18:57","date_gmt":"2023-11-30T13:18:57","guid":{"rendered":"https:\/\/www.fronteravertical.cl\/?page_id=876"},"modified":"2023-11-30T13:21:15","modified_gmt":"2023-11-30T13:21:15","slug":"socios","status":"publish","type":"page","link":"https:\/\/www.fronteravertical.cl\/?page_id=876","title":{"rendered":"Nuestros socios"},"content":{"rendered":"\n<figure class=\"wp-block-table\"><table><tbody><tr><td>Alexandro Antonio Cea Rojas (Presidente)<\/td><td class=\"has-text-align-center\" data-align=\"center\">Licencia FEACH <\/td><\/tr><tr><td>Andr\u00e9s Felipe Costa N\u00fa\u00f1ez<\/td><td class=\"has-text-align-center\" data-align=\"center\">Licencia FEACH &#8211; Deportista<\/td><\/tr><tr><td>Catalina Veronica Mejias Miranda<\/td><td class=\"has-text-align-center\" data-align=\"center\"><\/td><\/tr><tr><td>Cristobal Herbert-Ean Chacon Gallavan<\/td><td class=\"has-text-align-center\" data-align=\"center\"><\/td><\/tr><tr><td>Eduardo Felipe Baima Soto<\/td><td class=\"has-text-align-center\" data-align=\"center\"><\/td><\/tr><tr><td>Esteban Armando Ojeda Ag\u00fcero (Director)<\/td><td class=\"has-text-align-center\" data-align=\"center\"><\/td><\/tr><tr><td>Esteban Eduardo Oyarz\u00fan Delgado<\/td><td class=\"has-text-align-center\" data-align=\"center\">Licencia FEACH<\/td><\/tr><tr><td>Felipe Arturo Sebeckis Chaigneau (Tesorero)<\/td><td class=\"has-text-align-center\" data-align=\"center\"><\/td><\/tr><tr><td>Francisca Mandiola Barriga<\/td><td class=\"has-text-align-center\" data-align=\"center\">Licencia FEACH <\/td><\/tr><tr><td>Francisco Eduardo Costa Y\u00e1\u00f1ez (Secretario)<\/td><td class=\"has-text-align-center\" data-align=\"center\">Licencia FEACH &#8211; Deportista<\/td><\/tr><tr><td>Francisco Ignacio Soto Miranda (Vicepresidente)<\/td><td class=\"has-text-align-center\" data-align=\"center\">Licencia FEACH <\/td><\/tr><tr><td>Gabriel Adolfo Trujillo Nahuelpan<\/td><td class=\"has-text-align-center\" data-align=\"center\">Licencia FEACH<\/td><\/tr><tr><td>Gabriela Ximena Basualto Borquez<\/td><td class=\"has-text-align-center\" data-align=\"center\"><\/td><\/tr><tr><td>Hardy Nicolas Ojeda Ag\u00fcero<\/td><td class=\"has-text-align-center\" data-align=\"center\"><\/td><\/tr><tr><td>Humberto Gerardo Delgado Barr\u00eda<\/td><td class=\"has-text-align-center\" data-align=\"center\"><\/td><\/tr><tr><td>Juan Ignacio Maturana Escobar<\/td><td class=\"has-text-align-center\" data-align=\"center\">Licencia FEACH <\/td><\/tr><tr><td>Macarena Paz M\u00e1rquez Barrientos<\/td><td class=\"has-text-align-center\" data-align=\"center\"><\/td><\/tr><tr><td>Nicol\u00e1s Due\u00f1as Pardo<\/td><td class=\"has-text-align-center\" data-align=\"center\">Licencia FEACH &#8211; Deportista<\/td><\/tr><tr><td>Nicolas Felipe Soto Dodds<\/td><td class=\"has-text-align-center\" data-align=\"center\">Licencia FEACH<\/td><\/tr><tr><td>Ren\u00e9 Manuel Barrientos Villanueva<\/td><td class=\"has-text-align-center\" data-align=\"center\"><\/td><\/tr><tr><td>Renzo Andr\u00e9s Bagnara Le\u00f3n<\/td><td class=\"has-text-align-center\" data-align=\"center\"><\/td><\/tr><tr><td>Sebasti\u00e1n Patricio Alberto Soto Miranda<\/td><td class=\"has-text-align-center\" data-align=\"center\">Licencia FEACH<\/td><\/tr><tr><td>S\u00e9bastien Andr\u00e9 Fresard Lillo<\/td><td class=\"has-text-align-center\" data-align=\"center\">Licencia FEACH<\/td><\/tr><tr><td>Vicente Jose Salas Tupper<\/td><td class=\"has-text-align-center\" data-align=\"center\">Licencia FEACH<\/td><\/tr><\/tbody><\/table><\/figure>\n","protected":false},"excerpt":{"rendered":"<p>Alexandro Antonio Cea Rojas (Presidente) Licencia FEACH Andr\u00e9s Felipe Costa N\u00fa\u00f1ez Licencia FEACH &#8211; Deportista Catalina Veronica Mejias Miranda Cristobal Herbert-Ean Chacon Gallavan Eduardo Felipe Baima Soto Esteban Armando Ojeda Ag\u00fcero (Director) Esteban Eduardo Oyarz\u00fan Delgado Licencia FEACH Felipe Arturo Sebeckis Chaigneau (Tesorero) Francisca Mandiola Barriga Licencia FEACH Francisco Eduardo Costa Y\u00e1\u00f1ez (Secretario) Licencia FEACH &hellip; <\/p>\n<p><a class=\"more-link btn\" href=\"https:\/\/www.fronteravertical.cl\/?page_id=876\">Continue reading<\/a><\/p>\n","protected":false},"author":1,"featured_media":0,"parent":2,"menu_order":2,"comment_status":"closed","ping_status":"closed","template":"","meta":{"spay_email":"","footnotes":""},"jetpack_sharing_enabled":true,"jetpack_shortlink":"https:\/\/wp.me\/P2IOTC-e8","_links":{"self":[{"href":"https:\/\/www.fronteravertical.cl\/index.php?rest_route=\/wp\/v2\/pages\/876"}],"collection":[{"href":"https:\/\/www.fronteravertical.cl\/index.php?rest_route=\/wp\/v2\/pages"}],"about":[{"href":"https:\/\/www.fronteravertical.cl\/index.php?rest_route=\/wp\/v2\/types\/page"}],"author":[{"embeddable":true,"href":"https:\/\/www.fronteravertical.cl\/index.php?rest_route=\/wp\/v2\/users\/1"}],"replies":[{"embeddable":true,"href":"https:\/\/www.fronteravertical.cl\/index.php?rest_route=%2Fwp%2Fv2%2Fcomments&post=876"}],"version-history":[{"count":3,"href":"https:\/\/www.fronteravertical.cl\/index.php?rest_route=\/wp\/v2\/pages\/876\/revisions"}],"predecessor-version":[{"id":880,"href":"https:\/\/www.fronteravertical.cl\/index.php?rest_route=\/wp\/v2\/pages\/876\/revisions\/880"}],"up":[{"embeddable":true,"href":"https:\/\/www.fronteravertical.cl\/index.php?rest_route=\/wp\/v2\/pages\/2"}],"wp:attachment":[{"href":"https:\/\/www.fronteravertical.cl\/index.php?rest_route=%2Fwp%2Fv2%2Fmedia&parent=876"}],"curies":[{"name":"wp","href":"https:\/\/api.w.org\/{rel}","templated":true}]}}